{"id":244,"date":"2025-04-29T20:00:10","date_gmt":"2025-04-29T20:00:10","guid":{"rendered":"https:\/\/anabavy.fr\/?page_id=244"},"modified":"2026-03-09T13:39:32","modified_gmt":"2026-03-09T13:39:32","slug":"nos-prestations","status":"publish","type":"page","link":"https:\/\/anabavy.fr\/index.php\/nos-prestations\/","title":{"rendered":"Nos prestations :"},"content":{"rendered":"\n<p class=\"has-text-align-center has-medium-font-size\"><\/p>\n\n\n\n<p><\/p>\n\n\n\n<h2 class=\"wp-block-heading animated backInLeft has-large-font-size\"><img decoding=\"async\" width=\"100\" height=\"100\" class=\"wp-image-319\" style=\"width: 100px;\" src=\"https:\/\/anabavy.fr\/wp-content\/uploads\/2025\/05\/2.png\" alt=\"\" srcset=\"https:\/\/anabavy.fr\/wp-content\/uploads\/2025\/05\/2.png 500w, https:\/\/anabavy.fr\/wp-content\/uploads\/2025\/05\/2-300x300.png 300w, https:\/\/anabavy.fr\/wp-content\/uploads\/2025\/05\/2-150x150.png 150w\" sizes=\"(max-width: 100px) 100vw, 100px\" \/>    Le d\u00e9p\u00f4t de fonds<\/h2>\n\n\n\n<p class=\"animated backInRight\">Nous proposons un service de livraison de fonds personnels, disponible de mani\u00e8re ponctuelle ou contractuelle.<\/p>\n\n\n\n<h2 class=\"wp-block-heading animated backInLeft has-large-font-size\"><img decoding=\"async\" width=\"100\" height=\"100\" class=\"wp-image-316\" style=\"width: 100px;\" src=\"https:\/\/anabavy.fr\/wp-content\/uploads\/2025\/05\/5.png\" alt=\"\" srcset=\"https:\/\/anabavy.fr\/wp-content\/uploads\/2025\/05\/5.png 500w, https:\/\/anabavy.fr\/wp-content\/uploads\/2025\/05\/5-300x300.png 300w, https:\/\/anabavy.fr\/wp-content\/uploads\/2025\/05\/5-150x150.png 150w\" sizes=\"(max-width: 100px) 100vw, 100px\" \/>    Les achats &amp; livraisons<\/h2>\n\n\n\n<p class=\"animated backInRight\">Nous assurons la livraison des effets personnels, des achats et de tout autre objet n\u00e9cessaire au b\u00e9n\u00e9ficiaire lorsqu&rsquo;il ne peut se d\u00e9placer (par exemple, en cas d&rsquo;hospitalisation). Cela inclut des \u00e9l\u00e9ments tels que les trousseaux d&rsquo;hygi\u00e8ne, les v\u00eatements, et d&rsquo;autres besoins sp\u00e9cifiques. Nous effectuons \u00e9galement la livraison dans des \u00e9tablissements tels que les h\u00f4pitaux, EHPAD ou autres structures de soin.<\/p>\n\n\n\n<h2 class=\"wp-block-heading animated backInLeft has-large-font-size\"><img decoding=\"async\" width=\"100\" height=\"100\" class=\"wp-image-318\" style=\"width: 100px;\" src=\"https:\/\/anabavy.fr\/wp-content\/uploads\/2025\/05\/3.png\" alt=\"\" srcset=\"https:\/\/anabavy.fr\/wp-content\/uploads\/2025\/05\/3.png 500w, https:\/\/anabavy.fr\/wp-content\/uploads\/2025\/05\/3-300x300.png 300w, https:\/\/anabavy.fr\/wp-content\/uploads\/2025\/05\/3-150x150.png 150w\" sizes=\"(max-width: 100px) 100vw, 100px\" \/>    <strong>Les courses<\/strong><\/h2>\n\n\n\n<p class=\"animated backInRight\">Nous offrons un service pour les achats de courses alimentaires et les articles du quotidien. Nous choisissons les courses avec le b\u00e9n\u00e9ficiaire en l&rsquo;aidant \u00e0 faire ses choix en fonction de ses besoins. Une fois les achats valid\u00e9s, nous nous chargeons de les r\u00e9cup\u00e9rer et de les livrer directement \u00e0 domicile. Ce service vise \u00e0 offrir un soutien personnalis\u00e9, en veillant \u00e0 ce que les produits correspondent aux attentes et n\u00e9cessit\u00e9s de la personne concern\u00e9e.<\/p>\n\n\n\n<h2 class=\"wp-block-heading has-text-align-left animated backInLeft has-large-font-size\"><img loading=\"lazy\" decoding=\"async\" width=\"100\" height=\"100\" class=\"wp-image-317\" style=\"width: 100px;\" src=\"https:\/\/anabavy.fr\/wp-content\/uploads\/2025\/05\/4.png\" alt=\"\" srcset=\"https:\/\/anabavy.fr\/wp-content\/uploads\/2025\/05\/4.png 500w, https:\/\/anabavy.fr\/wp-content\/uploads\/2025\/05\/4-300x300.png 300w, https:\/\/anabavy.fr\/wp-content\/uploads\/2025\/05\/4-150x150.png 150w\" sizes=\"(max-width: 100px) 100vw, 100px\" \/>    L&rsquo;ameublement<\/h2>\n\n\n\n<p class=\"has-text-align-left animated backInRight\">Un service d&rsquo;achat, de livraison et de montage de meubles est disponible. Nous aidons le b\u00e9n\u00e9ficiaire \u00e0 choisir les meubles qui r\u00e9pondent \u00e0 ses besoins, puis nous nous chargeons de leur livraison \u00e0 domicile et de leur montage. Ce service garantit que les meubles soient install\u00e9s correctement et pr\u00eats \u00e0 l\u2019usage<\/p>\n\n\n\n<h2 class=\"wp-block-heading has-text-align-left animated backInLeft has-large-font-size\"><img loading=\"lazy\" decoding=\"async\" width=\"100\" height=\"100\" class=\"wp-image-498\" style=\"width: 100px;\" src=\"https:\/\/anabavy.fr\/wp-content\/uploads\/2025\/09\/Black-White-Modern-Handwritten-Square-Studio-Logo-2.png\" alt=\"\" srcset=\"https:\/\/anabavy.fr\/wp-content\/uploads\/2025\/09\/Black-White-Modern-Handwritten-Square-Studio-Logo-2.png 500w, https:\/\/anabavy.fr\/wp-content\/uploads\/2025\/09\/Black-White-Modern-Handwritten-Square-Studio-Logo-2-300x300.png 300w, https:\/\/anabavy.fr\/wp-content\/uploads\/2025\/09\/Black-White-Modern-Handwritten-Square-Studio-Logo-2-150x150.png 150w\" sizes=\"(max-width: 100px) 100vw, 100px\" \/> L&rsquo;accompagnement<\/h2>\n\n\n\n<p class=\"has-text-align-left animated backInRight\">Lorsque la mission confi\u00e9e (ameublement, courses, &#8230;) implique d&rsquo;accompagner la personne dans sa r\u00e9alisation, l&rsquo;objectif de la prestation ne se limite plus \u00e0 un achat mat\u00e9riel ou \u00e0 une installation. Nous prenons le temps d&rsquo;\u00e9changer avec elle sur ses choix et ses besoins, tout en veillant \u00e0 la s\u00e9curiser et \u00e0 la rassurer. Nous pouvons \u00e9galement accompagner les personnes dans leurs d\u00e9placements (rendez-vous m\u00e9dicaux, d\u00e9marches administratives, etc.). Dans ce cas, le tarif varie selon la zone d\u2019intervention (A, B ou C).<\/p>\n\n\n\n<h2 class=\"wp-block-heading has-text-align-left animated backInLeft has-large-font-size\"><img loading=\"lazy\" decoding=\"async\" width=\"100\" height=\"100\" class=\"wp-image-499\" style=\"width: 100px;\" src=\"https:\/\/anabavy.fr\/wp-content\/uploads\/2025\/09\/Black-White-Modern-Handwritten-Square-Studio-Logo-3.png\" alt=\"\" srcset=\"https:\/\/anabavy.fr\/wp-content\/uploads\/2025\/09\/Black-White-Modern-Handwritten-Square-Studio-Logo-3.png 500w, https:\/\/anabavy.fr\/wp-content\/uploads\/2025\/09\/Black-White-Modern-Handwritten-Square-Studio-Logo-3-300x300.png 300w, https:\/\/anabavy.fr\/wp-content\/uploads\/2025\/09\/Black-White-Modern-Handwritten-Square-Studio-Logo-3-150x150.png 150w\" sizes=\"(max-width: 100px) 100vw, 100px\" \/> La remise en \u00e9tat des lieux<\/h2>\n\n\n\n<p>Nous prenons en charge le d\u00e9sencombrement, le nettoyage en profondeur et la remise en \u00e9tat compl\u00e8te d\u2019un lieu, quelle que soit sa situation initiale. Dans un premier temps, nous r\u00e9alisons une visite sur place afin d\u2019\u00e9valuer pr\u00e9cis\u00e9ment l\u2019ampleur du chantier, estimer la dur\u00e9e de l\u2019intervention et \u00e9tablir un devis clair et d\u00e9taill\u00e9. Si possible, nous rencontrons \u00e9galement la ou les personnes b\u00e9n\u00e9ficiaires. Ensuite, nous menons l\u2019intervention du d\u00e9but \u00e0 la fin : tri, \u00e9vacuation, nettoyage et remise en \u00e9tat. Notre objectif est toujours de rendre le lieu \u00e0 la fois sain, s\u00fbr et digne.<\/p>\n\n\n\n<p><strong><em>Nos prestations sont con\u00e7ues pour s\u2019adapter \u00e0 vos besoins. Vous pouvez faire appel \u00e0 nous de mani\u00e8re ponctuelle pour des missions sp\u00e9cifiques ou opter pour un suivi contractuel sur le long terme. Ainsi, que ce soit pour une intervention unique ou un accompagnement r\u00e9gulier, nous nous engageons \u00e0 fournir un service flexible et fiable<\/em><\/strong>.<\/p>\n\n\n\n<h1 class=\"wp-block-heading has-cyan-bluish-gray-color has-text-color has-link-color has-small-font-size wp-elements-333f252dde71ca1e40349c726e5286fa\"><em>https:\/\/www.missionchezvous.fr<\/em><\/h1>\n\n\n\n<p><\/p>\n","protected":false},"excerpt":{"rendered":"<p>Le d\u00e9p\u00f4t de fonds Nous proposons un service de livraison de fonds personnels, disponible de mani\u00e8re ponctuelle ou contractuelle. Les [&hellip;]<\/p>\n","protected":false},"author":3,"featured_media":0,"parent":0,"menu_order":0,"comment_status":"closed","ping_status":"closed","template":"","meta":{"om_disable_all_campaigns":false,"_monsterinsights_skip_tracking":false,"_monsterinsights_sitenote_active":false,"_monsterinsights_sitenote_note":"","_monsterinsights_sitenote_category":0,"site-sidebar-layout":"default","site-content-layout":"","ast-site-content-layout":"","site-content-style":"default","site-sidebar-style":"default","ast-global-header-display":"","ast-banner-title-visibility":"","ast-main-header-display":"","ast-hfb-above-header-display":"","ast-hfb-below-header-display":"","ast-hfb-mobile-header-display":"","site-post-title":"disabled","ast-breadcrumbs-content":"","ast-featured-img":"","footer-sml-layout":"","theme-transparent-header-meta":"","adv-header-id-meta":"","stick-header-meta":"","header-above-stick-meta":"","header-main-stick-meta":"","header-below-stick-meta":"","astra-migrate-meta-layouts":"default","ast-page-background-enabled":"default","ast-page-background-meta":{"desktop":{"background-color":"var(--ast-global-color-5)","background-image":"","background-repeat":"repeat","background-position":"center center","background-size":"auto","background-attachment":"scroll","background-type":"","background-media":"","overlay-type":"","overlay-color":"","overlay-opacity":"","overlay-gradient":""},"tablet":{"background-color":"","background-image":"","background-repeat":"repeat","background-position":"center center","background-size":"auto","background-attachment":"scroll","background-type":"","background-media":"","overlay-type":"","overlay-color":"","overlay-opacity":"","overlay-gradient":""},"mobile":{"background-color":"","background-image":"","background-repeat":"repeat","background-position":"center center","background-size":"auto","background-attachment":"scroll","background-type":"","background-media":"","overlay-type":"","overlay-color":"","overlay-opacity":"","overlay-gradient":""}},"ast-content-background-meta":{"desktop":{"background-color":"var(--ast-global-color-4)","background-image":"","background-repeat":"repeat","background-position":"center center","background-size":"auto","background-attachment":"scroll","background-type":"","background-media":"","overlay-type":"","overlay-color":"","overlay-opacity":"","overlay-gradient":""},"tablet":{"background-color":"var(--ast-global-color-4)","background-image":"","background-repeat":"repeat","background-position":"center center","background-size":"auto","background-attachment":"scroll","background-type":"","background-media":"","overlay-type":"","overlay-color":"","overlay-opacity":"","overlay-gradient":""},"mobile":{"background-color":"var(--ast-global-color-4)","background-image":"","background-repeat":"repeat","background-position":"center center","background-size":"auto","background-attachment":"scroll","background-type":"","background-media":"","overlay-type":"","overlay-color":"","overlay-opacity":"","overlay-gradient":""}},"_themeisle_gutenberg_block_has_review":false,"footnotes":""},"aioseo_notices":[],"_links":{"self":[{"href":"https:\/\/anabavy.fr\/index.php\/wp-json\/wp\/v2\/pages\/244"}],"collection":[{"href":"https:\/\/anabavy.fr\/index.php\/wp-json\/wp\/v2\/pages"}],"about":[{"href":"https:\/\/anabavy.fr\/index.php\/wp-json\/wp\/v2\/types\/page"}],"author":[{"embeddable":true,"href":"https:\/\/anabavy.fr\/index.php\/wp-json\/wp\/v2\/users\/3"}],"replies":[{"embeddable":true,"href":"https:\/\/anabavy.fr\/index.php\/wp-json\/wp\/v2\/comments?post=244"}],"version-history":[{"count":14,"href":"https:\/\/anabavy.fr\/index.php\/wp-json\/wp\/v2\/pages\/244\/revisions"}],"predecessor-version":[{"id":554,"href":"https:\/\/anabavy.fr\/index.php\/wp-json\/wp\/v2\/pages\/244\/revisions\/554"}],"wp:attachment":[{"href":"https:\/\/anabavy.fr\/index.php\/wp-json\/wp\/v2\/media?parent=244"}],"curies":[{"name":"wp","href":"https:\/\/api.w.org\/{rel}","templated":true}]}}